{"id":350,"date":"2026-04-12T00:57:26","date_gmt":"2026-04-11T22:57:26","guid":{"rendered":"https:\/\/wordpress.servidorcasaarturo.ddnsfree.com\/?page_id=350"},"modified":"2026-04-12T02:15:26","modified_gmt":"2026-04-12T00:15:26","slug":"sobre-mi","status":"publish","type":"page","link":"https:\/\/elblogdearturo.gleeze.com\/index.php\/sobre-mi\/","title":{"rendered":"Sobre m\u00ed"},"content":{"rendered":"\n<p>Hola! Este es mi rinc\u00f3n personal en la red, una especie de cuaderno digital donde voy guardando notas, ideas y cosas que voy aprendiendo por el camino. Aqu\u00ed se hablar\u00e1 de redes, self-hosting y alguna nota m\u00e1s personal que se cuele.<\/p>\n\n\n\n<p>Es mi forma de tenerlo todo a mano&#8230; y de paso compartirlo con quien le pueda servir. <\/p>\n\n\n\n<p>Y si, este blog esta inactivo. \ud83d\ude1b<\/p>\n\n\n\n<hr class=\"wp-block-separator has-alpha-channel-opacity is-style-wide\" style=\"margin-top:var(--wp--preset--spacing--70);margin-bottom:var(--wp--preset--spacing--70)\"\/>\n\n\n\n<p class=\"has-text-align-center has-x-large-font-size\"><strong><em>Enlaces de contacto, sugerencias&#8230;<\/em><\/strong><\/p>\n\n\n\n<p class=\"has-text-align-center\"><a href=\"mailto:arodriguezcadenas@icloud.com\" target=\"_blank\" rel=\"noopener\" title=\"\"><strong>mailto:arodriguezcadenas@icloud.com<\/strong><\/a><\/p>\n\n\n\n<p class=\"has-text-align-center\"><a href=\"https:\/\/www.instagram.com\/arturordrigzcds_\" target=\"_blank\" rel=\"noopener\" title=\"Instagram\"><strong>https:\/\/www.instagram.com\/arturordrigzcds_<\/strong><\/a><\/p>\n\n\n\n<hr class=\"wp-block-separator has-alpha-channel-opacity is-style-wide\" style=\"margin-top:var(--wp--preset--spacing--70);margin-bottom:var(--wp--preset--spacing--70)\"\/>\n\n\n\n<p><\/p>\n","protected":false},"excerpt":{"rendered":"<p>Hola! Este es mi rinc\u00f3n personal en la red, una especie de cuaderno digital donde voy guardando notas, ideas y cosas que voy aprendiendo por el camino. Aqu\u00ed se hablar\u00e1 de redes, self-hosting y alguna nota m\u00e1s personal que se cuele. Es mi forma de tenerlo todo a mano&#8230; y de paso compartirlo con quien [&hellip;]<\/p>\n","protected":false},"author":1,"featured_media":0,"parent":0,"menu_order":0,"comment_status":"open","ping_status":"closed","template":"templates\/fullwidth.php","meta":{"om_disable_all_campaigns":false,"_monsterinsights_skip_tracking":false,"_monsterinsights_sitenote_active":false,"_monsterinsights_sitenote_note":"","_monsterinsights_sitenote_category":0,"footnotes":""},"class_list":["post-350","page","type-page","status-publish","hentry"],"aioseo_notices":[],"_links":{"self":[{"href":"https:\/\/elblogdearturo.gleeze.com\/index.php\/wp-json\/wp\/v2\/pages\/350","targetHints":{"allow":["GET"]}}],"collection":[{"href":"https:\/\/elblogdearturo.gleeze.com\/index.php\/wp-json\/wp\/v2\/pages"}],"about":[{"href":"https:\/\/elblogdearturo.gleeze.com\/index.php\/wp-json\/wp\/v2\/types\/page"}],"author":[{"embeddable":true,"href":"https:\/\/elblogdearturo.gleeze.com\/index.php\/wp-json\/wp\/v2\/users\/1"}],"replies":[{"embeddable":true,"href":"https:\/\/elblogdearturo.gleeze.com\/index.php\/wp-json\/wp\/v2\/comments?post=350"}],"version-history":[{"count":8,"href":"https:\/\/elblogdearturo.gleeze.com\/index.php\/wp-json\/wp\/v2\/pages\/350\/revisions"}],"predecessor-version":[{"id":378,"href":"https:\/\/elblogdearturo.gleeze.com\/index.php\/wp-json\/wp\/v2\/pages\/350\/revisions\/378"}],"wp:attachment":[{"href":"https:\/\/elblogdearturo.gleeze.com\/index.php\/wp-json\/wp\/v2\/media?parent=350"}],"curies":[{"name":"wp","href":"https:\/\/api.w.org\/{rel}","templated":true}]}}